{"id":5746,"date":"2024-01-30T10:31:25","date_gmt":"2024-01-30T09:31:25","guid":{"rendered":"http:\/\/promyczek.wbeskid.pl\/promyczek\/?page_id=5746"},"modified":"2024-03-10T13:45:55","modified_gmt":"2024-03-10T12:45:55","slug":"o-nas","status":"publish","type":"page","link":"http:\/\/promyczek-nowysacz.pl\/index.php\/o-nas\/","title":{"rendered":"O NAS"},"content":{"rendered":"\n<div class=\"wp-block-image\"><figure class=\"aligncenter size-large is-resized\"><img loading=\"lazy\" decoding=\"async\" src=\"http:\/\/promyczek-nowysacz.pl\/wp-content\/uploads\/2024\/03\/dzien-w-przedszkolu-350x190-1.jpg\" alt=\"\" class=\"wp-image-6118\" width=\"421\" height=\"229\" srcset=\"http:\/\/promyczek-nowysacz.pl\/wp-content\/uploads\/2024\/03\/dzien-w-przedszkolu-350x190-1.jpg 350w, http:\/\/promyczek-nowysacz.pl\/wp-content\/uploads\/2024\/03\/dzien-w-przedszkolu-350x190-1-300x163.jpg 300w\" sizes=\"auto, (max-width: 421px) 100vw, 421px\" \/><\/figure><\/div>\n\n\n\n<p class=\"has-text-color has-luminous-vivid-orange-color\">Przedszkole Niepubliczne &#8222;Promyczek&#8221; to miejsce bezpieczne stworzone z my\u015bl\u0105 o najm\u0142odszych. Zapewniamy naszym promyczkom troskliw\u0105 opiek\u0119, edukacj\u0119 oraz mn\u00f3stwo dobrej zabawy. <\/p>\n\n\n\n<p><strong>Nasz\u0105 misj\u0105 jest:<\/strong><\/p>\n\n\n\n<p>-wspomaganie wszechstronnego rozwoju dziecka odpowiednio do jego mo\u017cliwo\u015bci oraz potrzeb,<\/p>\n\n\n\n<p>-kszta\u0142towanie odporno\u015bci emocjonalnej u dzieci oraz rozwijanie umiej\u0119tno\u015bci radzenia sobie z trudno\u015bciami,<\/p>\n\n\n\n<p>-rozwijanie zainteresowa\u0144 wobec otaczaj\u0105cego \u015bwiata,<\/p>\n\n\n\n<p>-inspirowanie do wielokierunkowej aktywno\u015bci dziecka,<\/p>\n\n\n\n<p>-budowanie silnego poczucia w\u0142asnej warto\u015bci,<\/p>\n\n\n\n<p>-tworzenie rodzinnej atmosfery, w kt\u00f3rej dzieci czuj\u0105 si\u0119 dobrze i bezpiecznie,<\/p>\n\n\n\n<p>-zapewnienie bezpiecznych warunk\u00f3w do wsp\u00f3lnej nauki i zabawy.<\/p>\n\n\n\n<p style=\"color:#ff6500\" class=\"has-text-color\">W naszym przedszkolu dzieci poprzez r\u00f3\u017cnorodne formy zabaw odkrywaj\u0105 siebie, otwieraj\u0105 si\u0119 na ludzi oraz ucz\u0105 si\u0119 przestrzega\u0107 og\u00f3lnie przyj\u0119tych norm spo\u0142ecznych. <\/p>\n\n\n\n<p><\/p>\n","protected":false},"excerpt":{"rendered":"<p>Przedszkole Niepubliczne &#8222;Promyczek&#8221; to miejsce bezpieczne stworzone z my\u015bl\u0105 o najm\u0142odszych. Zapewniamy naszym promyczkom troskliw\u0105 opiek\u0119, edukacj\u0119 oraz mn\u00f3stwo dobrej zabawy. Nasz\u0105 misj\u0105 jest: -wspomaganie wszechstronnego rozwoju dziecka odpowiednio do jego mo\u017cliwo\u015bci oraz potrzeb, -kszta\u0142towanie odporno\u015bci emocjonalnej u dzieci oraz rozwijanie umiej\u0119tno\u015bci radzenia sobie z trudno\u015bciami, -rozwijanie zainteresowa\u0144 wobec otaczaj\u0105cego \u015bwiata, -inspirowanie do wielokierunkowej aktywno\u015bci&#8230;<\/p>\n","protected":false},"author":1,"featured_media":0,"parent":0,"menu_order":0,"comment_status":"closed","ping_status":"closed","template":"","meta":{"footnotes":""},"class_list":["post-5746","page","type-page","status-publish","hentry"],"_links":{"self":[{"href":"http:\/\/promyczek-nowysacz.pl\/index.php\/wp-json\/wp\/v2\/pages\/5746","targetHints":{"allow":["GET"]}}],"collection":[{"href":"http:\/\/promyczek-nowysacz.pl\/index.php\/wp-json\/wp\/v2\/pages"}],"about":[{"href":"http:\/\/promyczek-nowysacz.pl\/index.php\/wp-json\/wp\/v2\/types\/page"}],"author":[{"embeddable":true,"href":"http:\/\/promyczek-nowysacz.pl\/index.php\/wp-json\/wp\/v2\/users\/1"}],"replies":[{"embeddable":true,"href":"http:\/\/promyczek-nowysacz.pl\/index.php\/wp-json\/wp\/v2\/comments?post=5746"}],"version-history":[{"count":11,"href":"http:\/\/promyczek-nowysacz.pl\/index.php\/wp-json\/wp\/v2\/pages\/5746\/revisions"}],"predecessor-version":[{"id":6127,"href":"http:\/\/promyczek-nowysacz.pl\/index.php\/wp-json\/wp\/v2\/pages\/5746\/revisions\/6127"}],"wp:attachment":[{"href":"http:\/\/promyczek-nowysacz.pl\/index.php\/wp-json\/wp\/v2\/media?parent=5746"}],"curies":[{"name":"wp","href":"https:\/\/api.w.org\/{rel}","templated":true}]}}