{"id":5792,"date":"2024-01-30T10:42:16","date_gmt":"2024-01-30T09:42:16","guid":{"rendered":"http:\/\/promyczek.wbeskid.pl\/promyczek\/?page_id=5792"},"modified":"2025-10-21T10:52:57","modified_gmt":"2025-10-21T08:52:57","slug":"w-ramach-czesnego-2","status":"publish","type":"page","link":"http:\/\/promyczek-nowysacz.pl\/index.php\/w-ramach-czesnego-2\/","title":{"rendered":"W ramach czesnego"},"content":{"rendered":"<div class=\"wp-block-image\">\n<figure class=\"aligncenter size-large\"><img loading=\"lazy\" decoding=\"async\" width=\"225\" height=\"225\" src=\"http:\/\/promyczek-nowysacz.pl\/wp-content\/uploads\/2024\/02\/pobrane.png\" alt=\"\" class=\"wp-image-6054\" srcset=\"http:\/\/promyczek-nowysacz.pl\/wp-content\/uploads\/2024\/02\/pobrane.png 225w, http:\/\/promyczek-nowysacz.pl\/wp-content\/uploads\/2024\/02\/pobrane-150x150.png 150w\" sizes=\"auto, (max-width: 225px) 100vw, 225px\" \/><\/figure><\/div>\n\n\n<p class=\"has-vivid-cyan-blue-color has-text-color\">Rola psychologa&nbsp;w przedszkolu polega na wspieraniu procesu wychowawczego dzieci poprzez wsp\u00f3\u0142prac\u0119 z nauczycielami i rodzicami, a przede wszystkim poprzez kontakt z dzieckiem. Prowadz\u0105c obserwacje funkcjonowania dzieci w grupie przedszkolnej, psycholog udziela wsparcia nauczycielom oraz rodzicom podczas indywidualnych konsultacji. &nbsp;Poprzez budowanie pozytywnych relacji z dzie\u0107mi, specjalista zapewnia przedszkolakom poczucie bezpiecze\u0144stwa i zrozumienia.<\/p>\n\n\n\n<p><\/p>\n\n\n<div class=\"wp-block-image\">\n<figure class=\"aligncenter size-large is-resized\"><img loading=\"lazy\" decoding=\"async\" width=\"267\" height=\"189\" src=\"http:\/\/promyczek-nowysacz.pl\/wp-content\/uploads\/2024\/02\/68ef3ffc65096109b4e2983c512495db7e968712-1.png\" alt=\"\" class=\"wp-image-6060\" style=\"width:305px;height:216px\"\/><\/figure><\/div>\n\n\n<p class=\"has-text-color\" style=\"color:#08a300\">Pomoc logopedyczna w naszym przedszkolu skierowana jest do dzieci wymagaj\u0105cych wsparcia w zakresie rozwoju mowy. Obejmuje przede wszystkim terapi\u0119 zaburze\u0144 mowy.<\/p>\n\n\n\n<p><strong>W zakres opieki logopedycznej w przedszkolu wchodzi:<\/strong><\/p>\n\n\n\n<ul class=\"wp-block-list\">\n<li>diagnozowanie stanu motoryki narz\u0105d\u00f3w mowy i stanu artykulacji dzieci;<\/li>\n\n\n\n<li>prowadzenie \u0107wicze\u0144 logopedycznych z dzie\u0107mi, u kt\u00f3rych stwierdzono zaburzenia komunikacji j\u0119zykowej;<\/li>\n\n\n\n<li>prowadzenie terapii logopedycznej indywidualnej,<\/li>\n\n\n\n<li>wspieranie nauczycieli w dzia\u0142aniach usprawniaj\u0105cych aparat mowny dzieci;<\/li>\n\n\n\n<li>podejmowanie dzia\u0142a\u0144 profilaktycznych zapobiegaj\u0105cych powstawaniu zaburze\u0144 komunikacji j\u0119zykowej;<\/li>\n\n\n\n<li>wsp\u00f3\u0142praca z rodzicami dzieci, kt\u00f3rym udzielana jest pomoc logopedyczna w celu w\u0142\u0105czenia ich w proces terapii ich dziecka i kontynuacji \u0107wicze\u0144 w domu;<\/li>\n\n\n\n<li>konsultacje dla zainteresowanych rodzic\u00f3w.<\/li>\n<\/ul>\n\n\n\n<p><\/p>\n\n\n<div class=\"wp-block-image is-resized\">\n<figure class=\"aligncenter size-large\"><img loading=\"lazy\" decoding=\"async\" width=\"512\" height=\"337\" src=\"http:\/\/promyczek-nowysacz.pl\/wp-content\/uploads\/2024\/02\/unnamed.png\" alt=\"\" class=\"wp-image-6029\" srcset=\"http:\/\/promyczek-nowysacz.pl\/wp-content\/uploads\/2024\/02\/unnamed.png 512w, http:\/\/promyczek-nowysacz.pl\/wp-content\/uploads\/2024\/02\/unnamed-300x197.png 300w, http:\/\/promyczek-nowysacz.pl\/wp-content\/uploads\/2024\/02\/unnamed-350x230.png 350w\" sizes=\"auto, (max-width: 512px) 100vw, 512px\" \/><\/figure><\/div>\n\n<div class=\"wp-block-image is-resized\">\n<figure class=\"alignright size-large\"><img loading=\"lazy\" decoding=\"async\" width=\"1024\" height=\"640\" src=\"http:\/\/promyczek-nowysacz.pl\/wp-content\/uploads\/2024\/02\/plastyka2-1024x640.jpg\" alt=\"\" class=\"wp-image-6030\" srcset=\"http:\/\/promyczek-nowysacz.pl\/wp-content\/uploads\/2024\/02\/plastyka2-1024x640.jpg 1024w, http:\/\/promyczek-nowysacz.pl\/wp-content\/uploads\/2024\/02\/plastyka2-300x188.jpg 300w, http:\/\/promyczek-nowysacz.pl\/wp-content\/uploads\/2024\/02\/plastyka2-768x480.jpg 768w, http:\/\/promyczek-nowysacz.pl\/wp-content\/uploads\/2024\/02\/plastyka2-850x531.jpg 850w, http:\/\/promyczek-nowysacz.pl\/wp-content\/uploads\/2024\/02\/plastyka2.jpg 1400w\" sizes=\"auto, (max-width: 1024px) 100vw, 1024px\" \/><\/figure><\/div>\n\n\n<p class=\"has-luminous-vivid-amber-color has-text-color\">&nbsp;Zaj\u0119cia odbywaj\u0105 si\u0119 ze Stanis\u0142awem Szarkiem, cenionym s\u0105deckim artyst\u0105 i pedagogiem. Jego  misj\u0105 jest dzielenie si\u0119 z innymi swymi umiej\u0119tno\u015bciami w zakresie sztuk plastycznych. <\/p>\n\n\n\n<p class=\"has-luminous-vivid-amber-color has-text-color\">Na zaj\u0119ciach dzieci maj\u0105 okazj\u0119 rozwija\u0107 ciekawo\u015b\u0107 \u015bwiata, bawi\u0107 si\u0119 i tworzy\u0107, uczy\u0107  jak wyra\u017ca\u0107 swoje my\u015bli w spos\u00f3b tw\u00f3rczy.<\/p>\n\n\n\n<p>Zaj\u0119cia odbywaj\u0105 si\u0119 raz w tygodniu.<\/p>\n\n\n\n<p><strong>J\u0118ZYK ANGIELSKI<\/strong><\/p>\n\n\n\n<figure class=\"wp-block-gallery has-nested-images columns-default is-cropped wp-block-gallery-1 is-layout-flex wp-block-gallery-is-layout-flex\">\n<figure class=\"wp-block-image size-large\"><img loading=\"lazy\" decoding=\"async\" width=\"1024\" height=\"512\" data-id=\"14266\" src=\"http:\/\/promyczek-nowysacz.pl\/wp-content\/uploads\/2025\/10\/IMG_4156-1024x512.png\" alt=\"\" class=\"wp-image-14266\" srcset=\"http:\/\/promyczek-nowysacz.pl\/wp-content\/uploads\/2025\/10\/IMG_4156-1024x512.png 1024w, http:\/\/promyczek-nowysacz.pl\/wp-content\/uploads\/2025\/10\/IMG_4156-300x150.png 300w, http:\/\/promyczek-nowysacz.pl\/wp-content\/uploads\/2025\/10\/IMG_4156-768x384.png 768w, http:\/\/promyczek-nowysacz.pl\/wp-content\/uploads\/2025\/10\/IMG_4156-850x425.png 850w, http:\/\/promyczek-nowysacz.pl\/wp-content\/uploads\/2025\/10\/IMG_4156.png 1200w\" sizes=\"auto, (max-width: 1024px) 100vw, 1024px\" \/><\/figure>\n<\/figure>\n\n\n\n<p><\/p>\n\n\n\n<p><\/p>\n\n\n<div class=\"wp-block-image is-resized\">\n<figure class=\"aligncenter size-large\"><img loading=\"lazy\" decoding=\"async\" width=\"768\" height=\"1024\" src=\"http:\/\/promyczek-nowysacz.pl\/wp-content\/uploads\/2025\/10\/IMG_4149-768x1024.jpeg\" alt=\"\" class=\"wp-image-14262\" srcset=\"http:\/\/promyczek-nowysacz.pl\/wp-content\/uploads\/2025\/10\/IMG_4149-768x1024.jpeg 768w, http:\/\/promyczek-nowysacz.pl\/wp-content\/uploads\/2025\/10\/IMG_4149-225x300.jpeg 225w, http:\/\/promyczek-nowysacz.pl\/wp-content\/uploads\/2025\/10\/IMG_4149-1152x1536.jpeg 1152w, http:\/\/promyczek-nowysacz.pl\/wp-content\/uploads\/2025\/10\/IMG_4149-1536x2048.jpeg 1536w, http:\/\/promyczek-nowysacz.pl\/wp-content\/uploads\/2025\/10\/IMG_4149-300x400.jpeg 300w, http:\/\/promyczek-nowysacz.pl\/wp-content\/uploads\/2025\/10\/IMG_4149-850x1133.jpeg 850w, http:\/\/promyczek-nowysacz.pl\/wp-content\/uploads\/2025\/10\/IMG_4149-scaled.jpeg 1920w\" sizes=\"auto, (max-width: 768px) 100vw, 768px\" \/><\/figure><\/div>\n\n\n<p class=\"has-vivid-red-color has-text-color\">Nauczanie j\u0119zyka angielskiego odbywa si\u0119 w formie r\u00f3\u017cnorodnych zabaw stymuluj\u0105cych kr\u00f3tkie wypowiedzi w j\u0119zyku nowo\u017cytnym. Wykorzystuj\u0105c rozmaite pomoce dydaktyczne, dzieci ch\u0119tnie uczestnicz\u0105 w proponowanych aktywno\u015bciach przyswajaj\u0105c z \u0142atwo\u015bci\u0105 i w spos\u00f3b naturalny nowe s\u0142ownictwo. Poprzez zabawy ruchowe, przedszkolaki utrwalaj\u0105 poznane zwroty i zaczynaj\u0105 stosowa\u0107 je w codziennych sytuacjach.<\/p>\n\n\n\n<p><\/p>\n\n\n\n<p><\/p>\n\n\n\n<p><\/p>\n\n\n<div class=\"wp-block-image\">\n<figure class=\"aligncenter size-large is-resized\"><img loading=\"lazy\" decoding=\"async\" width=\"870\" height=\"400\" src=\"http:\/\/promyczek-nowysacz.pl\/wp-content\/uploads\/2024\/02\/d56e97e76ccf518cca70040e77479fc48c0281d4-gs.jpeg\" alt=\"\" class=\"wp-image-6032\" style=\"width:445px;height:204px\" srcset=\"http:\/\/promyczek-nowysacz.pl\/wp-content\/uploads\/2024\/02\/d56e97e76ccf518cca70040e77479fc48c0281d4-gs.jpeg 870w, http:\/\/promyczek-nowysacz.pl\/wp-content\/uploads\/2024\/02\/d56e97e76ccf518cca70040e77479fc48c0281d4-gs-300x138.jpeg 300w, http:\/\/promyczek-nowysacz.pl\/wp-content\/uploads\/2024\/02\/d56e97e76ccf518cca70040e77479fc48c0281d4-gs-768x353.jpeg 768w, http:\/\/promyczek-nowysacz.pl\/wp-content\/uploads\/2024\/02\/d56e97e76ccf518cca70040e77479fc48c0281d4-gs-850x391.jpeg 850w\" sizes=\"auto, (max-width: 870px) 100vw, 870px\" \/><\/figure><\/div>\n\n\n<p><\/p>\n\n\n\n<p class=\"has-text-color has-normal-font-size\" style=\"color:#00d192\">Zaj\u0119cia rytmiczne kszta\u0142tuj\u0105 kultur\u0119 muzyczn\u0105 i s\u0142uch dziecka, rozwijaj\u0105 umiej\u0119tno\u015b\u0107 aktywnego prze\u017cywania i odzwierciedlania muzyki za pomoc\u0105 tego, co jest najbardziej naturalne dla dziecka \u2013 ruchu. \u0106wiczenia pomagaj\u0105 rozwin\u0105\u0107 pami\u0119\u0107 muzyczn\u0105 i ruchow\u0105 oraz  wp\u0142ywaj\u0105 korzystnie na rozw\u00f3j psychiczny i fizyczny dziecka.<\/p>\n\n\n\n<p><\/p>\n\n\n\n<p><\/p>\n\n\n\n<p><\/p>\n\n\n\n<p><\/p>\n\n\n\n<p><\/p>\n\n\n<div class=\"wp-block-image\">\n<figure class=\"aligncenter size-large\"><img loading=\"lazy\" decoding=\"async\" width=\"367\" height=\"260\" src=\"http:\/\/promyczek-nowysacz.pl\/wp-content\/uploads\/2024\/03\/gimn.jpg\" alt=\"\" class=\"wp-image-6081\" srcset=\"http:\/\/promyczek-nowysacz.pl\/wp-content\/uploads\/2024\/03\/gimn.jpg 367w, http:\/\/promyczek-nowysacz.pl\/wp-content\/uploads\/2024\/03\/gimn-300x213.jpg 300w\" sizes=\"auto, (max-width: 367px) 100vw, 367px\" \/><\/figure><\/div>\n\n\n<p><\/p>\n\n\n\n<p>Pierwsze oznaki wad postawy u dzieci mo\u017cna zauwa\u017cy\u0107 ju\u017c w okresie przedszkolnym. Bardzo wa\u017cne, aby jak najwcze\u015bniej zacz\u0105\u0107 kszta\u0142towa\u0107 u nich prawid\u0142owe nawyki. Podstawowym celem zaj\u0119\u0107 jest troska o harmonijny rozw\u00f3j organizmu oraz utrzymanie w\u0142a\u015bciwej postawy cia\u0142a. Zaj\u0119cia prowadzone s\u0105 w formie \u0107wicze\u0144 fizycznych z wykorzystaniem r\u00f3\u017cnorodnych akcesori\u00f3w gimnastycznych, tj. woreczki, drabinki, tunele czy szarfy. Dzi\u0119ki gimnastyce rozwijany jest zar\u00f3wno uk\u0142ad ruchowy jak i uk\u0142ad nerwowy, a wi\u0119c koordynacja, si\u0142a, wytrzyma\u0142o\u015b\u0107, gibko\u015b\u0107.<\/p>\n\n\n\n<p><\/p>\n\n\n\n<p><\/p>\n\n\n\n<p><\/p>\n\n\n\n<p><\/p>\n\n\n\n<p><\/p>\n\n\n<div class=\"wp-block-image\">\n<figure class=\"aligncenter size-large\"><img loading=\"lazy\" decoding=\"async\" width=\"367\" height=\"260\" src=\"http:\/\/promyczek-nowysacz.pl\/wp-content\/uploads\/2024\/03\/religia.jpg\" alt=\"\" class=\"wp-image-6083\" srcset=\"http:\/\/promyczek-nowysacz.pl\/wp-content\/uploads\/2024\/03\/religia.jpg 367w, http:\/\/promyczek-nowysacz.pl\/wp-content\/uploads\/2024\/03\/religia-300x213.jpg 300w\" sizes=\"auto, (max-width: 367px) 100vw, 367px\" \/><\/figure><\/div>\n\n\n<p><\/p>\n\n\n\n<p>Celem katechezy przedszkolnej jest&nbsp;<strong>wprowadzenie dziecka w \u017cycie religijne, w poznanie wiary, modlitwy i liturgii<\/strong>. Nauka religii ma r\u00f3wnie\u017c s\u0142u\u017cy\u0107 wspomaganiu rozwoju moralnego dziecka i kszta\u0142towaniu jego \u017cycia we wsp\u00f3lnotach spo\u0142ecznych, np. w rodzinie, w Ko\u015bciele czy grupie przedszkolnej.<\/p>\n\n\n\n<p><\/p>\n\n\n\n<p><\/p>\n\n\n<div class=\"wp-block-image\">\n<figure class=\"aligncenter size-large\"><img loading=\"lazy\" decoding=\"async\" width=\"263\" height=\"350\" src=\"http:\/\/promyczek-nowysacz.pl\/wp-content\/uploads\/2024\/03\/bajko.jpg\" alt=\"\" class=\"wp-image-6088\" srcset=\"http:\/\/promyczek-nowysacz.pl\/wp-content\/uploads\/2024\/03\/bajko.jpg 263w, http:\/\/promyczek-nowysacz.pl\/wp-content\/uploads\/2024\/03\/bajko-225x300.jpg 225w\" sizes=\"auto, (max-width: 263px) 100vw, 263px\" \/><\/figure><\/div>\n\n\n<p>Bajkoterapia&nbsp;to jedna z metod pracy z dzie\u0107mi w wieku przedszkolnym. Polega ona na czytaniu specjalnie dobranych ksi\u0105\u017cek w celach terapeutycznych, edukacyjnych i relaksacyjnych. Bajkoterapia&nbsp;pomaga w przezwyci\u0119\u017ceniu l\u0119k\u00f3w zwi\u0105zanych z r\u00f3\u017cnymi sytuacjami. Wykorzystuje si\u0119 odpowiednio dobrany tekst. Dzi\u0119ki temu w psychice dziecka pojawia si\u0119 pozytywne my\u015blenie, dzieci zaczynaj\u0105 rozumie\u0107 swoje uczucia, ich przejawy, a tak\u017ce przyczyny.<\/p>\n","protected":false},"excerpt":{"rendered":"<p>Rola psychologa&nbsp;w przedszkolu polega na wspieraniu procesu wychowawczego dzieci poprzez wsp\u00f3\u0142prac\u0119 z nauczycielami i rodzicami, a przede wszystkim poprzez kontakt z dzieckiem. Prowadz\u0105c obserwacje funkcjonowania dzieci w grupie przedszkolnej, psycholog udziela wsparcia nauczycielom oraz rodzicom podczas indywidualnych konsultacji. &nbsp;Poprzez budowanie pozytywnych relacji z dzie\u0107mi, specjalista zapewnia przedszkolakom poczucie bezpiecze\u0144stwa i zrozumienia. Pomoc logopedyczna w naszym&#8230;<\/p>\n","protected":false},"author":1,"featured_media":0,"parent":0,"menu_order":0,"comment_status":"closed","ping_status":"closed","template":"","meta":{"footnotes":""},"class_list":["post-5792","page","type-page","status-publish","hentry"],"_links":{"self":[{"href":"http:\/\/promyczek-nowysacz.pl\/index.php\/wp-json\/wp\/v2\/pages\/5792","targetHints":{"allow":["GET"]}}],"collection":[{"href":"http:\/\/promyczek-nowysacz.pl\/index.php\/wp-json\/wp\/v2\/pages"}],"about":[{"href":"http:\/\/promyczek-nowysacz.pl\/index.php\/wp-json\/wp\/v2\/types\/page"}],"author":[{"embeddable":true,"href":"http:\/\/promyczek-nowysacz.pl\/index.php\/wp-json\/wp\/v2\/users\/1"}],"replies":[{"embeddable":true,"href":"http:\/\/promyczek-nowysacz.pl\/index.php\/wp-json\/wp\/v2\/comments?post=5792"}],"version-history":[{"count":35,"href":"http:\/\/promyczek-nowysacz.pl\/index.php\/wp-json\/wp\/v2\/pages\/5792\/revisions"}],"predecessor-version":[{"id":14268,"href":"http:\/\/promyczek-nowysacz.pl\/index.php\/wp-json\/wp\/v2\/pages\/5792\/revisions\/14268"}],"wp:attachment":[{"href":"http:\/\/promyczek-nowysacz.pl\/index.php\/wp-json\/wp\/v2\/media?parent=5792"}],"curies":[{"name":"wp","href":"https:\/\/api.w.org\/{rel}","templated":true}]}}