{"id":5793,"date":"2024-01-30T10:42:16","date_gmt":"2024-01-30T09:42:16","guid":{"rendered":"http:\/\/promyczek.wbeskid.pl\/promyczek\/?page_id=5793"},"modified":"2025-10-19T08:13:24","modified_gmt":"2025-10-19T06:13:24","slug":"dodatkowe-platne-2","status":"publish","type":"page","link":"http:\/\/promyczek-nowysacz.pl\/index.php\/dodatkowe-platne-2\/","title":{"rendered":"Dodatkowo p\u0142atne"},"content":{"rendered":"\n<p><strong>ZAJECIA JUDO<\/strong><\/p>\n\n\n\n<figure class=\"wp-block-gallery has-nested-images columns-default is-cropped wp-block-gallery-1 is-layout-flex wp-block-gallery-is-layout-flex\">\n<figure class=\"wp-block-image size-large\"><img loading=\"lazy\" decoding=\"async\" width=\"1024\" height=\"576\" data-id=\"14208\" src=\"http:\/\/promyczek-nowysacz.pl\/wp-content\/uploads\/2025\/10\/IMG_4110-1024x576.jpeg\" alt=\"\" class=\"wp-image-14208\" srcset=\"http:\/\/promyczek-nowysacz.pl\/wp-content\/uploads\/2025\/10\/IMG_4110-1024x576.jpeg 1024w, http:\/\/promyczek-nowysacz.pl\/wp-content\/uploads\/2025\/10\/IMG_4110-300x169.jpeg 300w, http:\/\/promyczek-nowysacz.pl\/wp-content\/uploads\/2025\/10\/IMG_4110-768x432.jpeg 768w, http:\/\/promyczek-nowysacz.pl\/wp-content\/uploads\/2025\/10\/IMG_4110-850x478.jpeg 850w, http:\/\/promyczek-nowysacz.pl\/wp-content\/uploads\/2025\/10\/IMG_4110.jpeg 1536w\" sizes=\"auto, (max-width: 1024px) 100vw, 1024px\" \/><\/figure>\n<\/figure>\n\n\n\n<p>Zaj\u0119cia Judo dla najm\u0142odszych to forma aktywno\u015bci fizycznej oparta na zabawach, kt\u00f3ra wspiera rozw\u00f3j koordynacji ruchowej i kondycji. Treningi ucz\u0105 r\u00f3wnie\u017c dyscypliny, szacunku do innych oraz buduj\u0105 pewno\u015b\u0107 siebie.<\/p>\n\n\n\n<p>Zaj\u0119cia odbywaj\u0105 si\u0119 raz w tygodniu i trwaj\u0105 p\u00f3\u0142 godziny.<\/p>\n\n\n\n<p>PRZEDSZKOLIADA- kangurkowe zabawy z pi\u0142kami <\/p>\n\n\n\n<figure class=\"wp-block-gallery has-nested-images columns-default is-cropped wp-block-gallery-2 is-layout-flex wp-block-gallery-is-layout-flex\">\n<figure class=\"wp-block-image size-large\"><img loading=\"lazy\" decoding=\"async\" width=\"1024\" height=\"443\" data-id=\"14219\" src=\"http:\/\/promyczek-nowysacz.pl\/wp-content\/uploads\/2025\/10\/2548e92f-d161-425b-b0ec-87a54cad5d04-4-1024x443.jpeg\" alt=\"\" class=\"wp-image-14219\" srcset=\"http:\/\/promyczek-nowysacz.pl\/wp-content\/uploads\/2025\/10\/2548e92f-d161-425b-b0ec-87a54cad5d04-4-1024x443.jpeg 1024w, http:\/\/promyczek-nowysacz.pl\/wp-content\/uploads\/2025\/10\/2548e92f-d161-425b-b0ec-87a54cad5d04-4-300x130.jpeg 300w, http:\/\/promyczek-nowysacz.pl\/wp-content\/uploads\/2025\/10\/2548e92f-d161-425b-b0ec-87a54cad5d04-4-768x332.jpeg 768w, http:\/\/promyczek-nowysacz.pl\/wp-content\/uploads\/2025\/10\/2548e92f-d161-425b-b0ec-87a54cad5d04-4-1536x665.jpeg 1536w, http:\/\/promyczek-nowysacz.pl\/wp-content\/uploads\/2025\/10\/2548e92f-d161-425b-b0ec-87a54cad5d04-4-850x368.jpeg 850w, http:\/\/promyczek-nowysacz.pl\/wp-content\/uploads\/2025\/10\/2548e92f-d161-425b-b0ec-87a54cad5d04-4.jpeg 1837w\" sizes=\"auto, (max-width: 1024px) 100vw, 1024px\" \/><\/figure>\n\n\n\n<figure class=\"wp-block-image size-large\"><img loading=\"lazy\" decoding=\"async\" width=\"1024\" height=\"576\" data-id=\"14220\" src=\"http:\/\/promyczek-nowysacz.pl\/wp-content\/uploads\/2025\/10\/35616c02-2988-4987-a90a-cdb018440fca-3-1024x576.jpeg\" alt=\"\" class=\"wp-image-14220\" srcset=\"http:\/\/promyczek-nowysacz.pl\/wp-content\/uploads\/2025\/10\/35616c02-2988-4987-a90a-cdb018440fca-3-1024x576.jpeg 1024w, http:\/\/promyczek-nowysacz.pl\/wp-content\/uploads\/2025\/10\/35616c02-2988-4987-a90a-cdb018440fca-3-300x169.jpeg 300w, http:\/\/promyczek-nowysacz.pl\/wp-content\/uploads\/2025\/10\/35616c02-2988-4987-a90a-cdb018440fca-3-768x432.jpeg 768w, http:\/\/promyczek-nowysacz.pl\/wp-content\/uploads\/2025\/10\/35616c02-2988-4987-a90a-cdb018440fca-3-1536x864.jpeg 1536w, http:\/\/promyczek-nowysacz.pl\/wp-content\/uploads\/2025\/10\/35616c02-2988-4987-a90a-cdb018440fca-3-850x478.jpeg 850w, http:\/\/promyczek-nowysacz.pl\/wp-content\/uploads\/2025\/10\/35616c02-2988-4987-a90a-cdb018440fca-3.jpeg 2040w\" sizes=\"auto, (max-width: 1024px) 100vw, 1024px\" \/><\/figure>\n<\/figure>\n\n\n\n<p><\/p>\n\n\n\n<figure class=\"wp-block-gallery has-nested-images columns-default is-cropped wp-block-gallery-3 is-layout-flex wp-block-gallery-is-layout-flex\">\n<figure class=\"wp-block-image size-large\"><img loading=\"lazy\" decoding=\"async\" width=\"768\" height=\"1024\" data-id=\"14224\" src=\"http:\/\/promyczek-nowysacz.pl\/wp-content\/uploads\/2025\/10\/IMG_4112-1-768x1024.jpeg\" alt=\"\" class=\"wp-image-14224\" srcset=\"http:\/\/promyczek-nowysacz.pl\/wp-content\/uploads\/2025\/10\/IMG_4112-1-768x1024.jpeg 768w, http:\/\/promyczek-nowysacz.pl\/wp-content\/uploads\/2025\/10\/IMG_4112-1-225x300.jpeg 225w, http:\/\/promyczek-nowysacz.pl\/wp-content\/uploads\/2025\/10\/IMG_4112-1-1152x1536.jpeg 1152w, http:\/\/promyczek-nowysacz.pl\/wp-content\/uploads\/2025\/10\/IMG_4112-1-300x400.jpeg 300w, http:\/\/promyczek-nowysacz.pl\/wp-content\/uploads\/2025\/10\/IMG_4112-1-850x1133.jpeg 850w, http:\/\/promyczek-nowysacz.pl\/wp-content\/uploads\/2025\/10\/IMG_4112-1.jpeg 1536w\" sizes=\"auto, (max-width: 768px) 100vw, 768px\" \/><\/figure>\n<\/figure>\n\n\n\n<p class=\"has-vivid-cyan-blue-color has-text-color\">Program zaj\u0119\u0107 Dru\u017cyny Kangura jest form\u0105 zach\u0119cenia dzieci do podejmowania aktywno\u015bci fizycznej opartej na \u0107wiczeniach z pi\u0142kami. Program zaj\u0119\u0107 u\u0142o\u017cony jest od aktywno\u015bci najprostszych do coraz bardziej z\u0142o\u017conych. Sprzyja to og\u00f3lnemu rozwojowi dzieci, co przydaje si\u0119 w codziennym \u017cyciu teraz i w przysz\u0142o\u015bci, ale tak\u017ce przy ewentualnym uprawianiu sportu w p\u00f3\u017aniejszym wieku. Taka forma dzia\u0142ania jest tak\u017ce mentalnym przygotowaniem dziecka do aktywno\u015bci fizycznej i dzia\u0142ania w grupie.<\/p>\n\n\n\n<p>Zaj\u0119cia odbywaj\u0105 si\u0119 raz w tygodniu i trwaj\u0105 p\u00f3\u0142 godziny.<\/p>\n\n\n\n<p class=\"has-text-align-center has-text-color has-large-font-size\" style=\"color:#6cd12e\"><strong>WARSZTATY Z ROBOTYKI<\/strong> <\/p>\n\n\n\n<p class=\"has-text-align-center has-text-color has-large-font-size\" style=\"color:#4fd12e\"><strong>HAVE FUN !<\/strong><\/p>\n\n\n<div class=\"wp-block-image is-resized\">\n<figure class=\"aligncenter size-large\"><img loading=\"lazy\" decoding=\"async\" width=\"580\" height=\"400\" src=\"http:\/\/promyczek-nowysacz.pl\/wp-content\/uploads\/2024\/03\/oferta-robotyka.png\" alt=\"\" class=\"wp-image-6098\" srcset=\"http:\/\/promyczek-nowysacz.pl\/wp-content\/uploads\/2024\/03\/oferta-robotyka.png 580w, http:\/\/promyczek-nowysacz.pl\/wp-content\/uploads\/2024\/03\/oferta-robotyka-300x207.png 300w\" sizes=\"auto, (max-width: 580px) 100vw, 580px\" \/><\/figure><\/div>\n\n\n<p class=\"has-text-color\" style=\"color:#12a300\">Robotyka dla dzieci w wieku przedszkolnym to nauka budowania prostych robot\u00f3w oraz ich programowania. Podczas zaj\u0119\u0107 dzieci pracuj\u0105 na czterech r\u00f3\u017cnych typach zestaw\u00f3w edukacyjnych, przystosowanych do wieku oraz mo\u017cliwo\u015bci uczestnik\u00f3w, zgodnie z podstaw\u0105 programow\u0105. W czasie zabaw z klockami, dzieci rozwijaj\u0105  r\u00f3\u017cne umiej\u0119tno\u015bci, w tym kreatywno\u015b\u0107, logiczne my\u015blenie i zdolno\u015bci matematyczne oraz informatyczne. Zaj\u0119cia z Robotyki s\u0105 ekscytuj\u0105c\u0105 i interesuj\u0105c\u0105 form\u0105 sp\u0119dzania czasu.<\/p>\n\n\n\n<p class=\"has-very-dark-gray-color has-text-color\">Zaj\u0119cia odbywaj\u0105 si\u0119 co dwa tygodnie i trwaj\u0105 60 min. <\/p>\n\n\n\n<p class=\"has-text-align-center has-pale-pink-color has-text-color has-large-font-size\"><strong>ZAJ\u0118CIA TANECZNE WIRDANCE<\/strong><\/p>\n\n\n\n<p class=\"has-pale-pink-color has-text-color\">Szko\u0142a Ta\u0144ca Wirdance prowadzi zaj\u0119cia z dzie\u0107mi w formie zabaw ruchowo- muzyczno- s\u0142ownych. Na zaj\u0119ciach dzieci poznaj\u0105 elementy ta\u0144ca towarzyskiego i nowoczesnego. Jest to forma og\u00f3lno- rozwojowa, aby pom\u00f3c najm\u0142odszym ukszta\u0142towa\u0107 pozytywn\u0105 sylwetk\u0119. Rytmika jest nieoderwaln\u0105 form\u0105 ka\u017cdych zaj\u0119\u0107 kszta\u0142tuj\u0105ca wra\u017cliwo\u015b\u0107 dziecka na muzyk\u0119.<\/p>\n\n\n\n<p>Zaj\u0119cia odbywaj\u0105 si\u0119 raz w tygodniu po p\u00f3\u0142 godziny. <\/p>\n\n\n\n<figure class=\"wp-block-image size-large\"><img loading=\"lazy\" decoding=\"async\" width=\"1024\" height=\"576\" src=\"http:\/\/promyczek-nowysacz.pl\/wp-content\/uploads\/2024\/03\/IMG-20230125-WA0036-1024x576.jpg\" alt=\"\" class=\"wp-image-6102\" srcset=\"http:\/\/promyczek-nowysacz.pl\/wp-content\/uploads\/2024\/03\/IMG-20230125-WA0036-1024x576.jpg 1024w, http:\/\/promyczek-nowysacz.pl\/wp-content\/uploads\/2024\/03\/IMG-20230125-WA0036-300x169.jpg 300w, http:\/\/promyczek-nowysacz.pl\/wp-content\/uploads\/2024\/03\/IMG-20230125-WA0036-768x432.jpg 768w, http:\/\/promyczek-nowysacz.pl\/wp-content\/uploads\/2024\/03\/IMG-20230125-WA0036-1536x864.jpg 1536w, http:\/\/promyczek-nowysacz.pl\/wp-content\/uploads\/2024\/03\/IMG-20230125-WA0036-850x478.jpg 850w, http:\/\/promyczek-nowysacz.pl\/wp-content\/uploads\/2024\/03\/IMG-20230125-WA0036.jpg 2048w\" sizes=\"auto, (max-width: 1024px) 100vw, 1024px\" \/><\/figure>\n\n\n\n<figure class=\"wp-block-image size-large\"><img loading=\"lazy\" decoding=\"async\" width=\"634\" height=\"1024\" src=\"http:\/\/promyczek-nowysacz.pl\/wp-content\/uploads\/2025\/10\/IMG_3926-1-634x1024.jpeg\" alt=\"\" class=\"wp-image-14209\" srcset=\"http:\/\/promyczek-nowysacz.pl\/wp-content\/uploads\/2025\/10\/IMG_3926-1-634x1024.jpeg 634w, http:\/\/promyczek-nowysacz.pl\/wp-content\/uploads\/2025\/10\/IMG_3926-1-186x300.jpeg 186w, http:\/\/promyczek-nowysacz.pl\/wp-content\/uploads\/2025\/10\/IMG_3926-1-768x1241.jpeg 768w, http:\/\/promyczek-nowysacz.pl\/wp-content\/uploads\/2025\/10\/IMG_3926-1-950x1536.jpeg 950w, http:\/\/promyczek-nowysacz.pl\/wp-content\/uploads\/2025\/10\/IMG_3926-1-1267x2048.jpeg 1267w, http:\/\/promyczek-nowysacz.pl\/wp-content\/uploads\/2025\/10\/IMG_3926-1-300x485.jpeg 300w, http:\/\/promyczek-nowysacz.pl\/wp-content\/uploads\/2025\/10\/IMG_3926-1-850x1374.jpeg 850w, http:\/\/promyczek-nowysacz.pl\/wp-content\/uploads\/2025\/10\/IMG_3926-1-scaled.jpeg 1584w\" sizes=\"auto, (max-width: 634px) 100vw, 634px\" \/><\/figure>\n\n\n\n<figure class=\"wp-block-gallery has-nested-images columns-default is-cropped wp-block-gallery-4 is-layout-flex wp-block-gallery-is-layout-flex\"><\/figure>\n","protected":false},"excerpt":{"rendered":"<p>ZAJECIA JUDO Zaj\u0119cia Judo dla najm\u0142odszych to forma aktywno\u015bci fizycznej oparta na zabawach, kt\u00f3ra wspiera rozw\u00f3j koordynacji ruchowej i kondycji. Treningi ucz\u0105 r\u00f3wnie\u017c dyscypliny, szacunku do innych oraz buduj\u0105 pewno\u015b\u0107 siebie. Zaj\u0119cia odbywaj\u0105 si\u0119 raz w tygodniu i trwaj\u0105 p\u00f3\u0142 godziny. PRZEDSZKOLIADA- kangurkowe zabawy z pi\u0142kami Program zaj\u0119\u0107 Dru\u017cyny Kangura jest form\u0105 zach\u0119cenia dzieci do&#8230;<\/p>\n","protected":false},"author":1,"featured_media":0,"parent":0,"menu_order":0,"comment_status":"closed","ping_status":"closed","template":"","meta":{"footnotes":""},"class_list":["post-5793","page","type-page","status-publish","hentry"],"_links":{"self":[{"href":"http:\/\/promyczek-nowysacz.pl\/index.php\/wp-json\/wp\/v2\/pages\/5793","targetHints":{"allow":["GET"]}}],"collection":[{"href":"http:\/\/promyczek-nowysacz.pl\/index.php\/wp-json\/wp\/v2\/pages"}],"about":[{"href":"http:\/\/promyczek-nowysacz.pl\/index.php\/wp-json\/wp\/v2\/types\/page"}],"author":[{"embeddable":true,"href":"http:\/\/promyczek-nowysacz.pl\/index.php\/wp-json\/wp\/v2\/users\/1"}],"replies":[{"embeddable":true,"href":"http:\/\/promyczek-nowysacz.pl\/index.php\/wp-json\/wp\/v2\/comments?post=5793"}],"version-history":[{"count":22,"href":"http:\/\/promyczek-nowysacz.pl\/index.php\/wp-json\/wp\/v2\/pages\/5793\/revisions"}],"predecessor-version":[{"id":14228,"href":"http:\/\/promyczek-nowysacz.pl\/index.php\/wp-json\/wp\/v2\/pages\/5793\/revisions\/14228"}],"wp:attachment":[{"href":"http:\/\/promyczek-nowysacz.pl\/index.php\/wp-json\/wp\/v2\/media?parent=5793"}],"curies":[{"name":"wp","href":"https:\/\/api.w.org\/{rel}","templated":true}]}}