{"id":5812,"date":"2024-01-30T10:46:27","date_gmt":"2024-01-30T09:46:27","guid":{"rendered":"http:\/\/promyczek.wbeskid.pl\/promyczek\/?page_id=5812"},"modified":"2025-01-02T11:57:43","modified_gmt":"2025-01-02T10:57:43","slug":"zdrowy-przedszkolak-2","status":"publish","type":"page","link":"http:\/\/promyczek-nowysacz.pl\/index.php\/zdrowy-przedszkolak-2\/","title":{"rendered":"Zdrowy przedszkolak"},"content":{"rendered":"\n<p><strong>Edukacja prozdrowotna stanowi bardzo wa\u017cny element kszta\u0142towania i utrwalania prawid\u0142owych nawyk\u00f3w zdrowego stylu \u017cycia, w tym nawyk\u00f3w \u017cywieniowych dzieci. Nawyki prozdrowotne powinny by\u0107 kszta\u0142towane od wczesnego dzieci\u0144stwa. Zdrowy styl \u017cycia czyli prawid\u0142owe \u017cywienie, aktywno\u015b\u0107 fizyczna na \u015bwie\u017cym powietrzu, w\u0142a\u015bciwa higiena, odpowiednia d\u0142ugo\u015b\u0107 snu s\u0105 istotnymi czynnikami prawid\u0142owego rozwoju dziecka, jego zdrowia i samopoczucia<\/strong>.<\/p>\n\n\n\n<p style=\"color:#1d00d1\" class=\"has-text-color has-text-align-center has-medium-font-size\"><strong>RODZINNE KUCHCIKOWO<\/strong><\/p>\n\n\n\n<p style=\"color:#1d00d1\" class=\"has-text-color\"> Wsp\u00f3lne gotowanie to pomys\u0142 nie tylko na wyczarowanie po\u017cywnych i zach\u0119caj\u0105co wygl\u0105daj\u0105cych smako\u0142yk\u00f3w w pogodnej atmosferze. To przede wszystkim \u015bwietny i smaczny spos\u00f3b na wsp\u00f3lne sp\u0119dzanie czasu, rozwijanie umiej\u0119tno\u015bci wsp\u00f3\u0142pracy i wzajemnej komunikacji. Zdrowe domowe s\u0142odycze s\u0105 s\u0142odkie, maj\u0105 dobry sk\u0142ad i\u00a0z powodzeniem sprawdz\u0105 si\u0119 jako\u00a0<strong>zdrowsze alternatywy<\/strong>\u00a0dla klasycznych s\u0142odyczy.<strong> Domowe przek\u0105ski na\u00a0s\u0142odko<\/strong>\u00a0to\u00a0nie tylko spos\u00f3b na\u00a0umilenie dzieciom zabawy i  nauki. \u0141akocie z\u00a0owocami czy czekolad\u0105 sprawi\u0105, \u017ce\u00a0maluchy nabior\u0105 si\u0142y i\u00a0energii do\u00a0rozwi\u0105zywania kolejnych zada\u0144.<\/p>\n\n\n\n<p class=\"has-text-color has-text-align-center has-medium-font-size has-luminous-vivid-orange-color\"><strong>KOLOROWA PRZEK\u0104SKA OWOCOWO- RY\u017bOWA<\/strong><\/p>\n\n\n\n<div class=\"wp-block-group\"><div class=\"wp-block-group__inner-container is-layout-flow wp-block-group-is-layout-flow\">\n<figure class=\"wp-block-gallery columns-2 is-cropped wp-block-gallery-1 is-layout-flex wp-block-gallery-is-layout-flex\"><ul class=\"blocks-gallery-grid\"><li class=\"blocks-gallery-item\"><figure><img loading=\"lazy\" decoding=\"async\" width=\"285\" height=\"160\" src=\"http:\/\/promyczek-nowysacz.pl\/wp-content\/uploads\/2024\/08\/pobrane-1-1.jpg\" alt=\"\" data-id=\"6714\" class=\"wp-image-6714\"\/><\/figure><\/li><li class=\"blocks-gallery-item\"><figure><img loading=\"lazy\" decoding=\"async\" width=\"204\" height=\"192\" src=\"http:\/\/promyczek-nowysacz.pl\/wp-content\/uploads\/2024\/08\/images-1.jpg\" alt=\"\" data-id=\"6715\" data-full-url=\"http:\/\/promyczek-nowysacz.pl\/wp-content\/uploads\/2024\/08\/images-1.jpg\" data-link=\"http:\/\/promyczek-nowysacz.pl\/index.php\/zdrowy-przedszkolak-2\/images-1-6\/\" class=\"wp-image-6715\"\/><\/figure><\/li><\/ul><\/figure>\n<\/div><\/div>\n\n\n\n<p class=\"has-text-align-center\">Smaczne, zdrowe, pyszne i przede wszystkim szybkie. Czy\u017c nie takie posi\u0142ki lubimy najbardziej :-)Wafle smarujemy Twarogiem delikatnym naturalnym lub jogurtem naturalnym i dodajemy plasterki ulubionych owoc\u00f3w.\u00a0Nast\u0119pnie polewamy miodem lub polew\u0105 np. ze \u015bwie\u017cych malin i posypujemy pokruszonymi orzechami. Smacznego!<\/p>\n\n\n\n<figure class=\"wp-block-image size-large\"><img loading=\"lazy\" decoding=\"async\" width=\"600\" height=\"315\" src=\"http:\/\/promyczek-nowysacz.pl\/wp-content\/uploads\/2025\/01\/4221354243503576279f.jpeg\" alt=\"\" class=\"wp-image-9360\" srcset=\"http:\/\/promyczek-nowysacz.pl\/wp-content\/uploads\/2025\/01\/4221354243503576279f.jpeg 600w, http:\/\/promyczek-nowysacz.pl\/wp-content\/uploads\/2025\/01\/4221354243503576279f-300x158.jpeg 300w\" sizes=\"auto, (max-width: 600px) 100vw, 600px\" \/><\/figure>\n\n\n\n<p>Domowe \u017celki mo\u017cna zrobi\u0107 na wiele sposob\u00f3w i sami musimy zadecydowa\u0107, kt\u00f3ry bardziej nam odpowiada. Wybierz substancj\u0119 \u017celuj\u0105c\u0105:<\/p>\n\n\n\n<p><strong>Agar<\/strong>&nbsp;to bezsmakowa substancja \u017celuj\u0105ca pochodzenie ro\u015blinnego.<\/p>\n\n\n\n<p><strong>\u017belatyna<\/strong>\u00a0to substancja pochodzenia zwierz\u0119cego, jest \u0142atwo dost\u0119pna, no ale\u2026. w\u0142a\u015bnie. Decyzja nale\u017cy do Ciebie.\u00a0<\/p>\n\n\n\n<p><strong><br>\u017belki z agarem<\/strong><\/p>\n\n\n\n<p><strong>Sk\u0142adniki:<\/strong><\/p>\n\n\n\n<p>1\/2 szklanki soku<\/p>\n\n\n\n<p>2 \u0142y\u017ceczki agar agar<\/p>\n\n\n\n<p><strong>Wykonanie:<\/strong><\/p>\n\n\n\n<p>Do garnka wlewamy sok i podgrzewamy na ma\u0142ym ogniu (ale nie zagotowujemy), nast\u0119pnie dodajemy agar, dok\u0142adnie mieszamy i rozlewamy do foremek.&nbsp; Smacznego!<\/p>\n\n\n\n<p><strong>\u017belki z \u017celatyn\u0105<\/strong><\/p>\n\n\n\n<p><strong>Sk\u0142adniki:<\/strong><\/p>\n\n\n\n<p>250 ml soku<\/p>\n\n\n\n<p>3-4 \u0142y\u017cki \u017celatyny<\/p>\n\n\n\n<p><strong>Wykonanie:<\/strong><\/p>\n\n\n\n<p>Do garnka wlewamy sok z owoc\u00f3w i wsypujemy \u017celatyn\u0119. Ca\u0142o\u015b\u0107 podgrzewamy, a\u017c \u017celatyna si\u0119 rozpu\u015bci. Rozlewamy do foremek i odstawiamy na kilka godzin.\u00a0 Smacznego!<\/p>\n\n\n\n<p class=\"has-text-color has-normal-font-size has-luminous-vivid-orange-color\"><strong>JE\u015aLI WOLISZ PRZYGOTUJ \u017bELKI Z GALARETKI<\/strong><\/p>\n\n\n\n<figure class=\"wp-block-embed-youtube wp-block-embed is-type-video is-provider-youtube wp-embed-aspect-4-3 wp-has-aspect-ratio\"><div class=\"wp-block-embed__wrapper\">\n<iframe loading=\"lazy\" title=\"JAK ZROBI\u0106 ROBAKI - \u017bELKI Z GALARETKI (galaretka w s\u0142omkach) \/ \u2661 How to Make Gummy Worms \/ LILYLIFE\" width=\"640\" height=\"480\" src=\"https:\/\/www.youtube.com\/embed\/2NmxHr38RNA?feature=oembed\" frameborder=\"0\" allow=\"accelerometer; autoplay; clipboard-write; encrypted-media; gyroscope; picture-in-picture; web-share\" referrerpolicy=\"strict-origin-when-cross-origin\" allowfullscreen><\/iframe>\n<\/div><\/figure>\n\n\n\n<p class=\"has-text-color has-text-align-center has-medium-font-size has-pale-pink-color\"><strong>BATONIKI OWSIANE Z MALINAMI I KAWA\u0141KAMI GORZKIEJ CZEKOLADY<\/strong><\/p>\n\n\n\n<div class=\"wp-block-image\"><figure class=\"alignright size-large is-resized\"><img loading=\"lazy\" decoding=\"async\" src=\"http:\/\/promyczek-nowysacz.pl\/wp-content\/uploads\/2024\/06\/0wiane-batony-z-malinami-i-maslem-orzechowym-2.jpg\" alt=\"\" class=\"wp-image-6441\" width=\"302\" height=\"201\" srcset=\"http:\/\/promyczek-nowysacz.pl\/wp-content\/uploads\/2024\/06\/0wiane-batony-z-malinami-i-maslem-orzechowym-2.jpg 800w, http:\/\/promyczek-nowysacz.pl\/wp-content\/uploads\/2024\/06\/0wiane-batony-z-malinami-i-maslem-orzechowym-2-300x200.jpg 300w, http:\/\/promyczek-nowysacz.pl\/wp-content\/uploads\/2024\/06\/0wiane-batony-z-malinami-i-maslem-orzechowym-2-768x512.jpg 768w\" sizes=\"auto, (max-width: 302px) 100vw, 302px\" \/><\/figure><\/div>\n\n\n\n<h5 class=\"wp-block-heading\">Sk\u0142adniki&nbsp;<\/h5>\n\n\n\n<ul class=\"wp-block-list\"><li>2&nbsp;szklanki p\u0142atk\u00f3w owsianych g\u00f3rskich<\/li><li>1&nbsp;szklanka mleka<\/li><li>5&nbsp;\u0142y\u017cek jogurtu naturalnego<\/li><li>3&nbsp;\u0142y\u017cki mas\u0142a orzechowego<\/li><li>2&nbsp;ma\u0142e banany<\/li><li>kilka kostek gorzkiej czekolady<\/li><\/ul>\n\n\n\n<h5 class=\"wp-block-heading\">Wykonanie<\/h5>\n\n\n\n<ul class=\"wp-block-list\"><li>Do miski wsypujemy p\u0142atki owsiane, zalewamy mlekiem, a nast\u0119pnie dodajemy jogurt naturalny, mas\u0142o orzechowe i rozgniecione banany \u2013 mieszamy. Gotow\u0105 mas\u0119 zostawiamy na oko\u0142o 15 minut, a nast\u0119pnie przek\u0142adamy do keks\u00f3wki wy\u0142o\u017conej papierem (u mnie 2 sztuki, wymiary 25\u00d711).<\/li><li>Posypujemy malinami i kawa\u0142kami czekolady. Pieczemy w 180 stopniach oko\u0142o 20 minut. <\/li><li>Kroimy w prostok\u0105ty. Zdrowe batoniki mo\u017cesz poda\u0107 z jogurtem naturalnym. Mi\u0142o\u015bnicy czekolady mog\u0105 macza\u0107 batoniki w roztopionej czekoladzie z odrobin\u0105 mas\u0142a, \u015bmietanki krem\u00f3wki lub polew\u0105 domow\u0105 \ud83d\ude42<\/li><\/ul>\n\n\n\n<p style=\"color:#062ae5\" class=\"has-text-color has-text-align-center has-medium-font-size\"><strong>CIASTECZKA OWSIANE Z BANANAMI<\/strong><\/p>\n\n\n\n<div class=\"wp-block-image\"><figure class=\"alignright size-large is-resized\"><img loading=\"lazy\" decoding=\"async\" src=\"http:\/\/promyczek-nowysacz.pl\/wp-content\/uploads\/2024\/04\/gf-a1by-sabE-HtU5_ciastka-owsiane-bez-cukru-i-maki-przepis-664x442-nocrop.jpg\" alt=\"\" class=\"wp-image-6305\" width=\"346\" height=\"230\" srcset=\"http:\/\/promyczek-nowysacz.pl\/wp-content\/uploads\/2024\/04\/gf-a1by-sabE-HtU5_ciastka-owsiane-bez-cukru-i-maki-przepis-664x442-nocrop.jpg 664w, http:\/\/promyczek-nowysacz.pl\/wp-content\/uploads\/2024\/04\/gf-a1by-sabE-HtU5_ciastka-owsiane-bez-cukru-i-maki-przepis-664x442-nocrop-300x200.jpg 300w\" sizes=\"auto, (max-width: 346px) 100vw, 346px\" \/><\/figure><\/div>\n\n\n\n<p><strong>Sk\u0142adniki:<\/strong><\/p>\n\n\n\n<ul class=\"wp-block-list\"><li>2 dojrza\u0142e banany<\/li><li>100g p\u0142atk\u00f3w owsianych<\/li><li>\u0142y\u017ceczka miodu (opcjonalnie)<\/li><\/ul>\n\n\n\n<p><strong>Wykonanie:<\/strong><\/p>\n\n\n\n<ol class=\"wp-block-list\" type=\"1\"><li>Rozgrzej piekarnik do 175\u00b0C (grzanie g\u00f3rne i dolne).<\/li><li>Obierz banany, w\u0142\u00f3\u017c do miski i rozgnie\u0107 je na papk\u0119 widelcem. Je\u015bli zamierzasz u\u017cy\u0107 miodu, teraz jest dobry moment, by go po\u0142\u0105czy\u0107 z owocami.<\/li><li>Do bananowej papki wsyp p\u0142atki owsiane, ca\u0142o\u015b\u0107 dok\u0142adnie wymieszaj.<\/li><li>Blach\u0119 do pieczenia wy\u0142\u00f3\u017c papierem do pieczenia.<\/li><li>Czystymi d\u0142o\u0144mi formuj zgrabne ciasteczka z mieszaniny banan\u00f3w i p\u0142atk\u00f3w owsianych. Uk\u0142adaj je kolejno na blasze do pieczenia.<\/li><li>Piecz ciastka po\u015brodku nagrzanego piekarnika przez 20 minut. Przed podaniem pozw\u00f3l im ostygn\u0105\u0107.<\/li><\/ol>\n\n\n\n<p style=\"color:#060fe5\" class=\"has-text-color has-medium-font-size\"><strong>PIRAMIDA \u017bYWIENIA<\/strong><\/p>\n\n\n\n<figure class=\"wp-block-image size-large\"><img loading=\"lazy\" decoding=\"async\" width=\"1024\" height=\"1024\" src=\"http:\/\/promyczek-nowysacz.pl\/wp-content\/uploads\/2025\/01\/piramida-z-opisem-1024x1024.png\" alt=\"\" class=\"wp-image-9356\" srcset=\"http:\/\/promyczek-nowysacz.pl\/wp-content\/uploads\/2025\/01\/piramida-z-opisem-1024x1024.png 1024w, http:\/\/promyczek-nowysacz.pl\/wp-content\/uploads\/2025\/01\/piramida-z-opisem-300x300.png 300w, http:\/\/promyczek-nowysacz.pl\/wp-content\/uploads\/2025\/01\/piramida-z-opisem-150x150.png 150w, http:\/\/promyczek-nowysacz.pl\/wp-content\/uploads\/2025\/01\/piramida-z-opisem-768x768.png 768w, http:\/\/promyczek-nowysacz.pl\/wp-content\/uploads\/2025\/01\/piramida-z-opisem-500x500.png 500w, http:\/\/promyczek-nowysacz.pl\/wp-content\/uploads\/2025\/01\/piramida-z-opisem-400x400.png 400w, http:\/\/promyczek-nowysacz.pl\/wp-content\/uploads\/2025\/01\/piramida-z-opisem-850x850.png 850w, http:\/\/promyczek-nowysacz.pl\/wp-content\/uploads\/2025\/01\/piramida-z-opisem.png 1080w\" sizes=\"auto, (max-width: 1024px) 100vw, 1024px\" \/><\/figure>\n\n\n\n<p><a href=\"https:\/\/www.youtube.com\/watch?v=mOsQijzrMME\">https:\/\/www.youtube.com\/watch?v=mOsQijzrMME<\/a><\/p>\n\n\n\n<p class=\"has-text-color has-medium-font-size has-luminous-vivid-orange-color\"><\/p>\n\n\n\n<p class=\"has-text-color has-luminous-vivid-orange-color\"><\/p>\n\n\n\n<p><\/p>\n\n\n\n<p class=\"has-text-color has-luminous-vivid-orange-color\"><\/p>\n","protected":false},"excerpt":{"rendered":"<p>Edukacja prozdrowotna stanowi bardzo wa\u017cny element kszta\u0142towania i utrwalania prawid\u0142owych nawyk\u00f3w zdrowego stylu \u017cycia, w tym nawyk\u00f3w \u017cywieniowych dzieci. Nawyki prozdrowotne powinny by\u0107 kszta\u0142towane od wczesnego dzieci\u0144stwa. Zdrowy styl \u017cycia czyli prawid\u0142owe \u017cywienie, aktywno\u015b\u0107 fizyczna na \u015bwie\u017cym powietrzu, w\u0142a\u015bciwa higiena, odpowiednia d\u0142ugo\u015b\u0107 snu s\u0105 istotnymi czynnikami prawid\u0142owego rozwoju dziecka, jego zdrowia i samopoczucia. RODZINNE KUCHCIKOWO&#8230;<\/p>\n","protected":false},"author":1,"featured_media":0,"parent":0,"menu_order":0,"comment_status":"closed","ping_status":"closed","template":"","meta":{"footnotes":""},"class_list":["post-5812","page","type-page","status-publish","hentry"],"_links":{"self":[{"href":"http:\/\/promyczek-nowysacz.pl\/index.php\/wp-json\/wp\/v2\/pages\/5812","targetHints":{"allow":["GET"]}}],"collection":[{"href":"http:\/\/promyczek-nowysacz.pl\/index.php\/wp-json\/wp\/v2\/pages"}],"about":[{"href":"http:\/\/promyczek-nowysacz.pl\/index.php\/wp-json\/wp\/v2\/types\/page"}],"author":[{"embeddable":true,"href":"http:\/\/promyczek-nowysacz.pl\/index.php\/wp-json\/wp\/v2\/users\/1"}],"replies":[{"embeddable":true,"href":"http:\/\/promyczek-nowysacz.pl\/index.php\/wp-json\/wp\/v2\/comments?post=5812"}],"version-history":[{"count":25,"href":"http:\/\/promyczek-nowysacz.pl\/index.php\/wp-json\/wp\/v2\/pages\/5812\/revisions"}],"predecessor-version":[{"id":9363,"href":"http:\/\/promyczek-nowysacz.pl\/index.php\/wp-json\/wp\/v2\/pages\/5812\/revisions\/9363"}],"wp:attachment":[{"href":"http:\/\/promyczek-nowysacz.pl\/index.php\/wp-json\/wp\/v2\/media?parent=5812"}],"curies":[{"name":"wp","href":"https:\/\/api.w.org\/{rel}","templated":true}]}}