{"id":6448,"date":"2024-06-11T21:46:36","date_gmt":"2024-06-11T19:46:36","guid":{"rendered":"http:\/\/promyczek-nowysacz.pl\/?page_id=6448"},"modified":"2024-06-13T13:33:30","modified_gmt":"2024-06-13T11:33:30","slug":"standardy-ochrony-maloletnich","status":"publish","type":"page","link":"http:\/\/promyczek-nowysacz.pl\/index.php\/standardy-ochrony-maloletnich\/","title":{"rendered":"Standardy Ochrony Ma\u0142oletnich"},"content":{"rendered":"\n<div class=\"wp-block-image\"><figure class=\"aligncenter size-large is-resized\"><img loading=\"lazy\" decoding=\"async\" src=\"http:\/\/promyczek-nowysacz.pl\/wp-content\/uploads\/2024\/06\/wutIm9kdrecV1Po.jpeg\" alt=\"\" class=\"wp-image-6463\" width=\"352\" height=\"236\" srcset=\"http:\/\/promyczek-nowysacz.pl\/wp-content\/uploads\/2024\/06\/wutIm9kdrecV1Po.jpeg 652w, http:\/\/promyczek-nowysacz.pl\/wp-content\/uploads\/2024\/06\/wutIm9kdrecV1Po-300x202.jpeg 300w\" sizes=\"auto, (max-width: 352px) 100vw, 352px\" \/><\/figure><\/div>\n\n\n\n<div class=\"wp-block-file\"><a href=\"http:\/\/promyczek-nowysacz.pl\/wp-content\/uploads\/2024\/06\/Zarz\u0105dzenie-dyrektora-dot.-SOM-Standardy-Ochrony-Ma\u0142oletnich-w-Przedszkolu-Niepublicznym-Promyczek-1.pdf\">Zarz\u0105dzenie dyrektora dot. SOM- Standardy Ochrony Ma\u0142oletnich w Przedszkolu Niepublicznym Promyczek.<\/a><a href=\"http:\/\/promyczek-nowysacz.pl\/wp-content\/uploads\/2024\/06\/Zarz\u0105dzenie-dyrektora-dot.-SOM-Standardy-Ochrony-Ma\u0142oletnich-w-Przedszkolu-Niepublicznym-Promyczek-1.pdf\" class=\"wp-block-file__button\" download>Pobierz<\/a><\/div>\n\n\n\n<div class=\"wp-block-file\"><a href=\"http:\/\/promyczek-nowysacz.pl\/wp-content\/uploads\/2024\/06\/Zasady-zapewniaj\u0105ce-bezpieczne-relacje-mi\u0119dzy-ma\u0142oletnim-a-personelem-plac\u00f3wki1-1.pdf\">Zasady zapewniaj\u0105ce bezpieczne relacje mi\u0119dzy ma\u0142oletnim a personelem plac\u00f3wki.<\/a><a href=\"http:\/\/promyczek-nowysacz.pl\/wp-content\/uploads\/2024\/06\/Zasady-zapewniaj\u0105ce-bezpieczne-relacje-mi\u0119dzy-ma\u0142oletnim-a-personelem-plac\u00f3wki1-1.pdf\" class=\"wp-block-file__button\" download>Pobierz<\/a><\/div>\n\n\n\n<div class=\"wp-block-file\"><a href=\"http:\/\/promyczek-nowysacz.pl\/wp-content\/uploads\/2024\/06\/Wymogi-zapewniaj\u0105ce-bezpieczne-relacje-mi\u0119dzy-ma\u0142oletnimi1-1-1.pdf\">Wymogi zapewniaj\u0105ce bezpieczne relacje mi\u0119dzy ma\u0142oletnimi.<\/a><a href=\"http:\/\/promyczek-nowysacz.pl\/wp-content\/uploads\/2024\/06\/Wymogi-zapewniaj\u0105ce-bezpieczne-relacje-mi\u0119dzy-ma\u0142oletnimi1-1-1.pdf\" class=\"wp-block-file__button\" download>Pobierz<\/a><\/div>\n\n\n\n<div class=\"wp-block-file\"><a href=\"http:\/\/promyczek-nowysacz.pl\/wp-content\/uploads\/2024\/06\/Procedura-podejmowania-interwencji-w-sytuacji-podejrzenia-krzywdzenia-lub-posiadania-informacji-o-krzywdzeniu-ma\u0142oletniego-1.pdf\">Procedura podejmowania interwencji w sytuacji podejrzenia krzywdzenia lub posiadania informacji o krzywdzeniu ma\u0142oletniego.<\/a><a href=\"http:\/\/promyczek-nowysacz.pl\/wp-content\/uploads\/2024\/06\/Procedura-podejmowania-interwencji-w-sytuacji-podejrzenia-krzywdzenia-lub-posiadania-informacji-o-krzywdzeniu-ma\u0142oletniego-1.pdf\" class=\"wp-block-file__button\" download>Pobierz<\/a><\/div>\n\n\n\n<div class=\"wp-block-file\"><a href=\"http:\/\/promyczek-nowysacz.pl\/wp-content\/uploads\/2024\/06\/Zasady-i-spos\u00f3b-udost\u0119pniania-rodzicom-albo-opiekunom-prawnym-lub-faktycznym-standard\u00f3w-ochrony-ma\u0142oletnich-do-zaznajomienia-si\u0119-z-nimi-i-ich-stosowania-1.pdf\">Zasady i spos\u00f3b udost\u0119pniania rodzicom albo opiekunom prawnym lub faktycznym standard\u00f3w ochrony ma\u0142oletnich do zaznajomienia si\u0119 z nimi i ich stosowania.<\/a><a href=\"http:\/\/promyczek-nowysacz.pl\/wp-content\/uploads\/2024\/06\/Zasady-i-spos\u00f3b-udost\u0119pniania-rodzicom-albo-opiekunom-prawnym-lub-faktycznym-standard\u00f3w-ochrony-ma\u0142oletnich-do-zaznajomienia-si\u0119-z-nimi-i-ich-stosowania-1.pdf\" class=\"wp-block-file__button\" download>Pobierz<\/a><\/div>\n\n\n\n<div class=\"wp-block-file\"><a href=\"http:\/\/promyczek-nowysacz.pl\/wp-content\/uploads\/2024\/06\/Zasady-przegl\u0105du-i-aktualizacji-standard\u00f3w-1.pdf\">Zasady przegl\u0105du i aktualizacji standard\u00f3w.<\/a><a href=\"http:\/\/promyczek-nowysacz.pl\/wp-content\/uploads\/2024\/06\/Zasady-przegl\u0105du-i-aktualizacji-standard\u00f3w-1.pdf\" class=\"wp-block-file__button\" download>Pobierz<\/a><\/div>\n\n\n\n<div class=\"wp-block-file\"><a href=\"http:\/\/promyczek-nowysacz.pl\/wp-content\/uploads\/2024\/06\/Materia\u0142y-dodatkowe-1.pdf\">Materia\u0142y dodatkowe<\/a><a href=\"http:\/\/promyczek-nowysacz.pl\/wp-content\/uploads\/2024\/06\/Materia\u0142y-dodatkowe-1.pdf\" class=\"wp-block-file__button\" download>Pobierz<\/a><\/div>\n","protected":false},"excerpt":{"rendered":"","protected":false},"author":1,"featured_media":0,"parent":0,"menu_order":0,"comment_status":"closed","ping_status":"closed","template":"","meta":{"footnotes":""},"class_list":["post-6448","page","type-page","status-publish","hentry"],"_links":{"self":[{"href":"http:\/\/promyczek-nowysacz.pl\/index.php\/wp-json\/wp\/v2\/pages\/6448","targetHints":{"allow":["GET"]}}],"collection":[{"href":"http:\/\/promyczek-nowysacz.pl\/index.php\/wp-json\/wp\/v2\/pages"}],"about":[{"href":"http:\/\/promyczek-nowysacz.pl\/index.php\/wp-json\/wp\/v2\/types\/page"}],"author":[{"embeddable":true,"href":"http:\/\/promyczek-nowysacz.pl\/index.php\/wp-json\/wp\/v2\/users\/1"}],"replies":[{"embeddable":true,"href":"http:\/\/promyczek-nowysacz.pl\/index.php\/wp-json\/wp\/v2\/comments?post=6448"}],"version-history":[{"count":14,"href":"http:\/\/promyczek-nowysacz.pl\/index.php\/wp-json\/wp\/v2\/pages\/6448\/revisions"}],"predecessor-version":[{"id":6482,"href":"http:\/\/promyczek-nowysacz.pl\/index.php\/wp-json\/wp\/v2\/pages\/6448\/revisions\/6482"}],"wp:attachment":[{"href":"http:\/\/promyczek-nowysacz.pl\/index.php\/wp-json\/wp\/v2\/media?parent=6448"}],"curies":[{"name":"wp","href":"https:\/\/api.w.org\/{rel}","templated":true}]}}